{"id":175,"date":"2021-05-13T11:30:26","date_gmt":"2021-05-13T09:30:26","guid":{"rendered":"http:\/\/belleenphoto.fr\/?page_id=175"},"modified":"2025-05-13T13:43:56","modified_gmt":"2025-05-13T11:43:56","slug":"photos-scolaires2025","status":"publish","type":"page","link":"https:\/\/www.belleenphoto.fr\/index.php\/photos-scolaires2025\/","title":{"rendered":"Photos scolaires"},"content":{"rendered":"\n<div class=\"wp-block-columns is-layout-flex wp-container-core-columns-is-layout-9d6595d7 wp-block-columns-is-layout-flex\">\n<div class=\"wp-block-column is-layout-flow wp-block-column-is-layout-flow\">\n<figure class=\"wp-block-image size-large\"><img decoding=\"async\" src=\"https:\/\/www.belleenphoto.fr\/wp-content\/uploads\/2021\/05\/ph-1.jpg\" alt=\"\"\/><\/figure>\n<\/div>\n\n\n\n<div class=\"wp-block-column is-layout-flow wp-block-column-is-layout-flow\">\n<h2 class=\"wp-block-heading\">\u00c9cole maternelle Rosi\u00e8res-Aux-Salines<\/h2>\n\n\n\n<div class=\"wp-block-buttons is-layout-flex wp-block-buttons-is-layout-flex\">\n<div class=\"wp-block-button\"><a class=\"wp-block-button__link has-vivid-cyan-blue-background-color has-background wp-element-button\" href=\"https:\/\/www.belleenphoto.fr\/index.php\/2025\/05\/13\/photos-scolaires-2024-2025\/\">Acc\u00e9der aux photos scolaires<\/a><\/div>\n<\/div>\n<\/div>\n<\/div>\n\n\n\n<hr class=\"wp-block-separator has-alpha-channel-opacity\"\/>\n\n\n\n<div class=\"wp-block-columns is-layout-flex wp-container-core-columns-is-layout-9d6595d7 wp-block-columns-is-layout-flex\">\n<div class=\"wp-block-column is-layout-flow wp-block-column-is-layout-flow\">\n<figure class=\"wp-block-image size-large\"><img decoding=\"async\" src=\"https:\/\/www.belleenphoto.fr\/wp-content\/uploads\/2021\/05\/ph-1.jpg\" alt=\"\"\/><\/figure>\n<\/div>\n\n\n\n<div class=\"wp-block-column is-layout-flow wp-block-column-is-layout-flow\">\n<h2 class=\"wp-block-heading\">\u00c9cole \u00e9l\u00e9mentaire &#8211; Vandoeuvre<\/h2>\n\n\n\n<p>Europe Nations<\/p>\n\n\n\n<div class=\"wp-block-buttons is-layout-flex wp-block-buttons-is-layout-flex\">\n<div class=\"wp-block-button\"><a class=\"wp-block-button__link has-vivid-cyan-blue-background-color has-background wp-element-button\" href=\"https:\/\/www.belleenphoto.fr\/index.php\/2024\/11\/08\/photos-scolaires-ecole-europe-nations-vandoeuvre-les-nancy\/\">Acc\u00e9der aux photos scolaires<\/a><\/div>\n<\/div>\n<\/div>\n<\/div>\n\n\n\n<hr class=\"wp-block-separator has-alpha-channel-opacity\"\/>\n\n\n\n<div class=\"wp-block-columns is-layout-flex wp-container-core-columns-is-layout-9d6595d7 wp-block-columns-is-layout-flex\">\n<div class=\"wp-block-column is-layout-flow wp-block-column-is-layout-flow\">\n<figure class=\"wp-block-image size-large\"><img decoding=\"async\" src=\"https:\/\/www.belleenphoto.fr\/wp-content\/uploads\/2021\/05\/ph-1.jpg\" alt=\"\"\/><\/figure>\n<\/div>\n\n\n\n<div class=\"wp-block-column is-layout-flow wp-block-column-is-layout-flow\">\n<h2 class=\"wp-block-heading\">Vandoeuvre-L\u00e8s-Nancy &#8211; \u00c9cole Paul Bert<\/h2>\n\n\n\n<div class=\"wp-block-buttons is-layout-flex wp-block-buttons-is-layout-flex\">\n<div class=\"wp-block-button\"><a class=\"wp-block-button__link has-vivid-cyan-blue-background-color has-background has-text-align-center wp-element-button\" href=\"https:\/\/www.belleenphoto.fr\/index.php\/2022\/04\/25\/photos-scolaires-ecole-paul-bert-vandoeuvre-les-nancy\/\">Acc\u00e9der aux photos scolaires<\/a><\/div>\n<\/div>\n<\/div>\n<\/div>\n\n\n\n<div class=\"wp-block-columns is-layout-flex wp-container-core-columns-is-layout-9d6595d7 wp-block-columns-is-layout-flex\">\n<div class=\"wp-block-column is-layout-flow wp-block-column-is-layout-flow\">\n<figure class=\"wp-block-image size-large\"><img decoding=\"async\" src=\"https:\/\/www.belleenphoto.fr\/wp-content\/uploads\/2021\/05\/ph-1.jpg\" alt=\"\"\/><\/figure>\n<\/div>\n\n\n\n<div class=\"wp-block-column is-layout-flow wp-block-column-is-layout-flow\">\n<h2 class=\"wp-block-heading\">\u00c9cole \u00e9l\u00e9mentaire &#8211; Haraucourt<\/h2>\n\n\n\n<div class=\"wp-block-buttons is-layout-flex wp-block-buttons-is-layout-flex\">\n<div class=\"wp-block-button\"><a class=\"wp-block-button__link has-vivid-cyan-blue-background-color has-background wp-element-button\" href=\"https:\/\/www.belleenphoto.fr\/?p=434\">Acc\u00e9der aux photos scolaires<\/a><\/div>\n<\/div>\n<\/div>\n<\/div>\n","protected":false},"excerpt":{"rendered":"<p>\u00c9cole maternelle Rosi\u00e8res-Aux-Salines \u00c9cole \u00e9l\u00e9mentaire &#8211; Vandoeuvre Europe Nations Vandoeuvre-L\u00e8s-Nancy &#8211; \u00c9cole Paul Bert \u00c9cole \u00e9l\u00e9mentaire &#8211; Haraucourt<\/p>\n","protected":false},"author":1,"featured_media":0,"parent":0,"menu_order":0,"comment_status":"closed","ping_status":"closed","template":"","meta":{"footnotes":""},"class_list":["post-175","page","type-page","status-publish","hentry","latest_post"],"_links":{"self":[{"href":"https:\/\/www.belleenphoto.fr\/index.php\/wp-json\/wp\/v2\/pages\/175","targetHints":{"allow":["GET"]}}],"collection":[{"href":"https:\/\/www.belleenphoto.fr\/index.php\/wp-json\/wp\/v2\/pages"}],"about":[{"href":"https:\/\/www.belleenphoto.fr\/index.php\/wp-json\/wp\/v2\/types\/page"}],"author":[{"embeddable":true,"href":"https:\/\/www.belleenphoto.fr\/index.php\/wp-json\/wp\/v2\/users\/1"}],"replies":[{"embeddable":true,"href":"https:\/\/www.belleenphoto.fr\/index.php\/wp-json\/wp\/v2\/comments?post=175"}],"version-history":[{"count":12,"href":"https:\/\/www.belleenphoto.fr\/index.php\/wp-json\/wp\/v2\/pages\/175\/revisions"}],"predecessor-version":[{"id":1209,"href":"https:\/\/www.belleenphoto.fr\/index.php\/wp-json\/wp\/v2\/pages\/175\/revisions\/1209"}],"wp:attachment":[{"href":"https:\/\/www.belleenphoto.fr\/index.php\/wp-json\/wp\/v2\/media?parent=175"}],"curies":[{"name":"wp","href":"https:\/\/api.w.org\/{rel}","templated":true}]}}